{"id":18,"date":"2019-03-12T12:30:12","date_gmt":"2019-03-12T12:30:12","guid":{"rendered":"https:\/\/beratungsschmiede.de\/?page_id=18"},"modified":"2022-06-19T13:30:30","modified_gmt":"2022-06-19T13:30:30","slug":"arbeitsweisen-und-methoden","status":"publish","type":"page","link":"https:\/\/beratungsschmiede.de\/?page_id=18","title":{"rendered":"Arbeitsweisen und Methoden"},"content":{"rendered":"\n<p>Der <strong>systemische Ansatz <\/strong>bildet die Grundlage meiner Beratung. Die systemische Beratung betrachtet und erkl\u00e4rt das Verhalten von Menschen nicht isoliert, sondern aus ihren Beziehungen und Interaktionen untereinander und zu ihrem Umfeld. Sie werden als Teil des Systems im privaten und beruflichen Kontext gesehen und in ihrer Gesamtheit betrachtet. Zusammenh\u00e4nge werden erkannt und k\u00f6nnen durch einen Perspektivwechsel neu bewertet und verinnerlicht werden.<\/p>\n\n\n\n<p>Dank des&nbsp;<strong>integrativen Ansatzes<\/strong>&nbsp;stehen mir in meiner Arbeit verschiedenste Methoden zur Verf\u00fcgung. Ihr pers\u00f6nliches Thema und Ihr daraus resultierendes <strong>Coaching-Ziel<\/strong>, gibt die Wahl meiner Methoden vor. Als ein Beispiel, die&nbsp;<strong>w<\/strong>ing<strong>w<\/strong>ave\u00ae \u2013 Methode, als <strong>wissenschaftlich fundiertes<\/strong> Leistungs- und Emotions-Coaching. Dieses <strong>Kurzzeit-Coaching<\/strong> mindert f\u00fcr Sie sp\u00fcrbar und schnell in wenigen Sitzungen Leistungsstress und steigert Kreativit\u00e4t, Mentalfitness und Konfliktstabilit\u00e4t. Es ist besonders f\u00fcr <strong>Pr\u00fcfungssituation<\/strong>&nbsp;geeignet. Dieser Ressourcen-Effekt wird durch das Erzeugen von &#8222;wachen&#8220; REM-Phasen (Rapid Eye Movement), welche wir Menschen sonst nur im n\u00e4chtlichen Traumschlaf durchlaufen.&nbsp;<\/p>\n\n\n\n<p>Mein Methoden-Handwerkskoffer dient letztlich dazu, dass Sie In Ihren pers\u00f6nlichen Beziehungen sowie in Ihrem beruflichen Alltag <strong>Entlastung und mehr Zufriedenheit <\/strong><strong>erfahren<\/strong>. Bestehende Krisen und Konflikte werden nachhaltig gel\u00f6st und beeintr\u00e4chtigende Blockaden beseitigt.<\/p>\n\n\n\n<hr class=\"wp-block-separator has-css-opacity\"\/>\n\n\n\n<p><strong>Definition von Supervision und Coaching<\/strong><\/p>\n\n\n\n<p>In meiner unabh\u00e4ngigen und neutralen Position als Supervisorin unterst\u00fctze ich Sie bei Ihrem Kl\u00e4rungs- und Entwicklungsprozess.  Im Coaching werden Sie Ihre eigenen <strong>St\u00e4rken und F\u00e4higkeiten<\/strong> besser kennenlernen und zur L\u00f6sungsfindung einsetzen. Als Supervisorin begleite und berate ich Sie dabei.  Sie werden in der Supervision oder im Coaching Ihre eigenen Erkenntnisse finden. <\/p>\n","protected":false},"excerpt":{"rendered":"<p>Der systemische Ansatz bildet die Grundlage meiner Beratung. Die systemische Beratung betrachtet und erkl\u00e4rt das Verhalten von Menschen nicht isoliert, sondern aus ihren Beziehungen und Interaktionen untereinander und zu ihrem Umfeld. Sie werden als Teil des Systems im privaten und beruflichen Kontext gesehen und in ihrer Gesamtheit betrachtet. Zusammenh\u00e4nge werden erkannt und k\u00f6nnen durch einen &hellip; <\/p>\n<p class=\"link-more\"><a href=\"https:\/\/beratungsschmiede.de\/?page_id=18\" class=\"more-link\"><span class=\"screen-reader-text\">\u201eArbeitsweisen und Methoden\u201c<\/span> weiterlesen<\/a><\/p>\n","protected":false},"author":1,"featured_media":78,"parent":0,"menu_order":0,"comment_status":"closed","ping_status":"closed","template":"","meta":{"footnotes":""},"class_list":["post-18","page","type-page","status-publish","has-post-thumbnail","hentry"],"yoast_head":"<!-- This site is optimized with the Yoast SEO plugin v23.5 - https:\/\/yoast.com\/wordpress\/plugins\/seo\/ -->\n<title>Arbeitsweisen und Methoden - BeratungsSchmiede<\/title>\n<meta name=\"robots\" content=\"index, follow, max-snippet:-1, max-image-preview:large, max-video-preview:-1\" \/>\n<link rel=\"canonical\" href=\"https:\/\/beratungsschmiede.de\/?page_id=18\" \/>\n<meta property=\"og:locale\" content=\"de_DE\" \/>\n<meta property=\"og:type\" content=\"article\" \/>\n<meta property=\"og:title\" content=\"Arbeitsweisen und Methoden - BeratungsSchmiede\" \/>\n<meta property=\"og:description\" content=\"Der systemische Ansatz bildet die Grundlage meiner Beratung. Die systemische Beratung betrachtet und erkl\u00e4rt das Verhalten von Menschen nicht isoliert, sondern aus ihren Beziehungen und Interaktionen untereinander und zu ihrem Umfeld. Sie werden als Teil des Systems im privaten und beruflichen Kontext gesehen und in ihrer Gesamtheit betrachtet. Zusammenh\u00e4nge werden erkannt und k\u00f6nnen durch einen &hellip; \u201eArbeitsweisen und Methoden\u201c weiterlesen\" \/>\n<meta property=\"og:url\" content=\"https:\/\/beratungsschmiede.de\/?page_id=18\" \/>\n<meta property=\"og:site_name\" content=\"BeratungsSchmiede\" \/>\n<meta property=\"article:modified_time\" content=\"2022-06-19T13:30:30+00:00\" \/>\n<meta property=\"og:image\" content=\"https:\/\/beratungsschmiede.de\/wp-content\/uploads\/2019\/04\/balance-3062272_1920-1.jpg\" \/>\n\t<meta property=\"og:image:width\" content=\"1920\" \/>\n\t<meta property=\"og:image:height\" content=\"1280\" \/>\n\t<meta property=\"og:image:type\" content=\"image\/jpeg\" \/>\n<meta name=\"twitter:card\" content=\"summary_large_image\" \/>\n<meta name=\"twitter:label1\" content=\"Gesch\u00e4tzte Lesezeit\" \/>\n\t<meta name=\"twitter:data1\" content=\"2\u00a0Minuten\" \/>\n<script type=\"application\/ld+json\" class=\"yoast-schema-graph\">{\"@context\":\"https:\/\/schema.org\",\"@graph\":[{\"@type\":\"WebPage\",\"@id\":\"https:\/\/beratungsschmiede.de\/?page_id=18\",\"url\":\"https:\/\/beratungsschmiede.de\/?page_id=18\",\"name\":\"Arbeitsweisen und Methoden - BeratungsSchmiede\",\"isPartOf\":{\"@id\":\"https:\/\/beratungsschmiede.de\/#website\"},\"primaryImageOfPage\":{\"@id\":\"https:\/\/beratungsschmiede.de\/?page_id=18#primaryimage\"},\"image\":{\"@id\":\"https:\/\/beratungsschmiede.de\/?page_id=18#primaryimage\"},\"thumbnailUrl\":\"https:\/\/beratungsschmiede.de\/wp-content\/uploads\/2019\/04\/balance-3062272_1920-1.jpg\",\"datePublished\":\"2019-03-12T12:30:12+00:00\",\"dateModified\":\"2022-06-19T13:30:30+00:00\",\"breadcrumb\":{\"@id\":\"https:\/\/beratungsschmiede.de\/?page_id=18#breadcrumb\"},\"inLanguage\":\"de\",\"potentialAction\":[{\"@type\":\"ReadAction\",\"target\":[\"https:\/\/beratungsschmiede.de\/?page_id=18\"]}]},{\"@type\":\"ImageObject\",\"inLanguage\":\"de\",\"@id\":\"https:\/\/beratungsschmiede.de\/?page_id=18#primaryimage\",\"url\":\"https:\/\/beratungsschmiede.de\/wp-content\/uploads\/2019\/04\/balance-3062272_1920-1.jpg\",\"contentUrl\":\"https:\/\/beratungsschmiede.de\/wp-content\/uploads\/2019\/04\/balance-3062272_1920-1.jpg\",\"width\":1920,\"height\":1280},{\"@type\":\"BreadcrumbList\",\"@id\":\"https:\/\/beratungsschmiede.de\/?page_id=18#breadcrumb\",\"itemListElement\":[{\"@type\":\"ListItem\",\"position\":1,\"name\":\"Startseite\",\"item\":\"https:\/\/beratungsschmiede.de\/\"},{\"@type\":\"ListItem\",\"position\":2,\"name\":\"Arbeitsweisen und Methoden\"}]},{\"@type\":\"WebSite\",\"@id\":\"https:\/\/beratungsschmiede.de\/#website\",\"url\":\"https:\/\/beratungsschmiede.de\/\",\"name\":\"BeratungsSchmiede\",\"description\":\"Supervision &amp; Coaching\",\"potentialAction\":[{\"@type\":\"SearchAction\",\"target\":{\"@type\":\"EntryPoint\",\"urlTemplate\":\"https:\/\/beratungsschmiede.de\/?s={search_term_string}\"},\"query-input\":{\"@type\":\"PropertyValueSpecification\",\"valueRequired\":true,\"valueName\":\"search_term_string\"}}],\"inLanguage\":\"de\"}]}<\/script>\n<!-- \/ Yoast SEO plugin. -->","yoast_head_json":{"title":"Arbeitsweisen und Methoden - BeratungsSchmiede","robots":{"index":"index","follow":"follow","max-snippet":"max-snippet:-1","max-image-preview":"max-image-preview:large","max-video-preview":"max-video-preview:-1"},"canonical":"https:\/\/beratungsschmiede.de\/?page_id=18","og_locale":"de_DE","og_type":"article","og_title":"Arbeitsweisen und Methoden - BeratungsSchmiede","og_description":"Der systemische Ansatz bildet die Grundlage meiner Beratung. Die systemische Beratung betrachtet und erkl\u00e4rt das Verhalten von Menschen nicht isoliert, sondern aus ihren Beziehungen und Interaktionen untereinander und zu ihrem Umfeld. Sie werden als Teil des Systems im privaten und beruflichen Kontext gesehen und in ihrer Gesamtheit betrachtet. Zusammenh\u00e4nge werden erkannt und k\u00f6nnen durch einen &hellip; \u201eArbeitsweisen und Methoden\u201c weiterlesen","og_url":"https:\/\/beratungsschmiede.de\/?page_id=18","og_site_name":"BeratungsSchmiede","article_modified_time":"2022-06-19T13:30:30+00:00","og_image":[{"width":1920,"height":1280,"url":"https:\/\/beratungsschmiede.de\/wp-content\/uploads\/2019\/04\/balance-3062272_1920-1.jpg","type":"image\/jpeg"}],"twitter_card":"summary_large_image","twitter_misc":{"Gesch\u00e4tzte Lesezeit":"2\u00a0Minuten"},"schema":{"@context":"https:\/\/schema.org","@graph":[{"@type":"WebPage","@id":"https:\/\/beratungsschmiede.de\/?page_id=18","url":"https:\/\/beratungsschmiede.de\/?page_id=18","name":"Arbeitsweisen und Methoden - BeratungsSchmiede","isPartOf":{"@id":"https:\/\/beratungsschmiede.de\/#website"},"primaryImageOfPage":{"@id":"https:\/\/beratungsschmiede.de\/?page_id=18#primaryimage"},"image":{"@id":"https:\/\/beratungsschmiede.de\/?page_id=18#primaryimage"},"thumbnailUrl":"https:\/\/beratungsschmiede.de\/wp-content\/uploads\/2019\/04\/balance-3062272_1920-1.jpg","datePublished":"2019-03-12T12:30:12+00:00","dateModified":"2022-06-19T13:30:30+00:00","breadcrumb":{"@id":"https:\/\/beratungsschmiede.de\/?page_id=18#breadcrumb"},"inLanguage":"de","potentialAction":[{"@type":"ReadAction","target":["https:\/\/beratungsschmiede.de\/?page_id=18"]}]},{"@type":"ImageObject","inLanguage":"de","@id":"https:\/\/beratungsschmiede.de\/?page_id=18#primaryimage","url":"https:\/\/beratungsschmiede.de\/wp-content\/uploads\/2019\/04\/balance-3062272_1920-1.jpg","contentUrl":"https:\/\/beratungsschmiede.de\/wp-content\/uploads\/2019\/04\/balance-3062272_1920-1.jpg","width":1920,"height":1280},{"@type":"BreadcrumbList","@id":"https:\/\/beratungsschmiede.de\/?page_id=18#breadcrumb","itemListElement":[{"@type":"ListItem","position":1,"name":"Startseite","item":"https:\/\/beratungsschmiede.de\/"},{"@type":"ListItem","position":2,"name":"Arbeitsweisen und Methoden"}]},{"@type":"WebSite","@id":"https:\/\/beratungsschmiede.de\/#website","url":"https:\/\/beratungsschmiede.de\/","name":"BeratungsSchmiede","description":"Supervision &amp; Coaching","potentialAction":[{"@type":"SearchAction","target":{"@type":"EntryPoint","urlTemplate":"https:\/\/beratungsschmiede.de\/?s={search_term_string}"},"query-input":{"@type":"PropertyValueSpecification","valueRequired":true,"valueName":"search_term_string"}}],"inLanguage":"de"}]}},"_links":{"self":[{"href":"https:\/\/beratungsschmiede.de\/index.php?rest_route=\/wp\/v2\/pages\/18"}],"collection":[{"href":"https:\/\/beratungsschmiede.de\/index.php?rest_route=\/wp\/v2\/pages"}],"about":[{"href":"https:\/\/beratungsschmiede.de\/index.php?rest_route=\/wp\/v2\/types\/page"}],"author":[{"embeddable":true,"href":"https:\/\/beratungsschmiede.de\/index.php?rest_route=\/wp\/v2\/users\/1"}],"replies":[{"embeddable":true,"href":"https:\/\/beratungsschmiede.de\/index.php?rest_route=%2Fwp%2Fv2%2Fcomments&post=18"}],"version-history":[{"count":16,"href":"https:\/\/beratungsschmiede.de\/index.php?rest_route=\/wp\/v2\/pages\/18\/revisions"}],"predecessor-version":[{"id":161,"href":"https:\/\/beratungsschmiede.de\/index.php?rest_route=\/wp\/v2\/pages\/18\/revisions\/161"}],"wp:featuredmedia":[{"embeddable":true,"href":"https:\/\/beratungsschmiede.de\/index.php?rest_route=\/wp\/v2\/media\/78"}],"wp:attachment":[{"href":"https:\/\/beratungsschmiede.de\/index.php?rest_route=%2Fwp%2Fv2%2Fmedia&parent=18"}],"curies":[{"name":"wp","href":"https:\/\/api.w.org\/{rel}","templated":true}]}}